{"id":97,"date":"2021-03-14T06:18:23","date_gmt":"2021-03-14T05:18:23","guid":{"rendered":"http:\/\/radio-rb.de\/?page_id=97"},"modified":"2024-07-09T12:17:51","modified_gmt":"2024-07-09T10:17:51","slug":"reklama","status":"publish","type":"page","link":"https:\/\/radio-rb.de\/de\/reklama\/","title":{"rendered":"Werbung"},"content":{"rendered":"<div class=\"wpb-content-wrapper\">\t\t<div data-elementor-type=\"wp-page\" data-elementor-id=\"97\" class=\"elementor elementor-97\">\n\t\t\t\t\t\t<section class=\"elementor-section elementor-top-section elementor-element elementor-element-223324d9 elementor-section-boxed elementor-section-height-default elementor-section-height-default\" data-id=\"223324d9\" data-element_type=\"section\" data-e-type=\"section\">\n\t\t\t\t\t\t<div class=\"elementor-container elementor-column-gap-default\">\n\t\t\t\t\t<div class=\"elementor-column elementor-col-100 elementor-top-column elementor-element elementor-element-7acb5aab\" data-id=\"7acb5aab\" data-element_type=\"column\" data-e-type=\"column\">\n\t\t\t<div class=\"elementor-widget-wrap elementor-element-populated\">\n\t\t\t\t\t\t<div class=\"elementor-element elementor-element-7e2a8102 elementor-widget elementor-widget-text-editor\" data-id=\"7e2a8102\" data-element_type=\"widget\" data-e-type=\"widget\" data-widget_type=\"text-editor.default\">\n\t\t\t\t<div class=\"elementor-widget-container\">\n\t\t\t\t\t\t\t\t\t<div class=\"qt-vc-row-container\"><div class=\"vc_row wpb_row vc_row-kentha\"><div class=\"wpb_column vc_column_container vc_col-sm-12\"><div class=\"vc_column-inner\"><div class=\"wpb_wrapper\">\n\t<div class=\"wpb_text_column wpb_content_element  qt-the-content\" >\n\t\t<div class=\"wpb_wrapper\">\n\t\t\t<p>Sie wollen die Bekanntheit Ihres Produktes oder Ihrer Marke durch eine Imagekampagne steigern oder planen eine Aktion anl\u00e4sslich einer Neuer\u00f6ffnung? Sie m\u00f6chten die \u00d6ffentlichkeit auf attraktive Sonderangebote aufmerksam machen oder das Publikum zu Ihren Veranstaltungen einladen?<\/p>\n<p>\u0420\u0430\u0437\u043c\u0435\u0449\u0430\u0439\u0442\u0435 \u0440\u0435\u043a\u043b\u0430\u043c\u0443 \u043d\u0430 \u0420\u0430\u0434\u0438\u043e \u0413\u043e\u043b\u043e\u0441 \u0411\u0435\u0440\u043b\u0438\u043d\u0430! \u041a\u043b\u0430\u0441\u0441\u0438\u0447\u0435\u0441\u043a\u0438\u0435 \u0430\u0443\u0434\u0438\u043e\u0440\u043e\u043b\u0438\u043a\u0438, \u0441\u043f\u043e\u043d\u0441\u043e\u0440\u0441\u0442\u0432\u043e \u0438\u043b\u0438 \u0441\u043f\u0435\u0446\u0438\u0430\u043b\u044c\u043d\u044b\u0435 \u0432\u0438\u0434\u044b \u0440\u0435\u043a\u043b\u0430\u043c\u044b, \u0434\u043b\u0438\u0442\u0435\u043b\u044c\u043d\u044b\u0435 \u0440\u0435\u043a\u043b\u0430\u043c\u043d\u044b\u0435 \u043a\u0430\u043c\u043f\u0430\u043d\u0438\u0438 \u0438\u043b\u0438 \u043a\u0440\u0430\u0442\u043a\u043e\u0441\u0440\u043e\u0447\u043d\u044b\u0435 \u0440\u0435\u043a\u043b\u0430\u043c\u043d\u044b\u0435 \u0430\u043a\u0446\u0438\u0438 \u2013 \u043c\u044b \u043d\u0430\u0439\u0434\u0435\u043c \u0434\u043b\u044f \u0412\u0430\u0441 \u0438\u0434\u0435\u0430\u043b\u044c\u043d\u043e\u0435 \u0440\u0435\u0448\u0435\u043d\u0438\u0435.<\/p>\n<p>Mit kompetenter Beratung und Betreuung unterst\u00fctzen wir Sie von der Mediaplanung bis hin zur Spotproduktion.<\/p>\n<div>\u00a0<\/div>\n<div><strong>Mediaplanung<\/strong><\/div>\n<div>\u041f\u0440\u0435\u0436\u0434\u0435 \u0447\u0435\u043c \u0437\u0430\u043f\u0443\u0441\u043a\u0430\u0442\u044c \u0440\u0435\u043a\u043b\u0430\u043c\u043d\u0443\u044e \u043a\u0430\u043c\u043f\u0430\u043d\u0438\u044e, \u0412\u044b \u0434\u043e\u043b\u0436\u043d\u044b \u0440\u0435\u0448\u0438\u0442\u044c, \u0441 \u043a\u0430\u043a\u043e\u0439 \u0447\u0430\u0441\u0442\u043e\u0442\u043e\u0439 \u0438 \u0432 \u043a\u0430\u043a\u043e\u0435 \u0432\u0440\u0435\u043c\u044f \u0431\u0443\u0434\u0435\u0442 \u0442\u0440\u0430\u043d\u0441\u043b\u0438\u0440\u043e\u0432\u0430\u0442\u044c\u0441\u044f \u0412\u0430\u0448 \u0440\u043e\u043b\u0438\u043a \u0434\u043b\u044f \u0434\u043e\u0441\u0442\u0438\u0436\u0435\u043d\u0438\u044f \u043e\u043f\u0442\u0438\u043c\u0430\u043b\u044c\u043d\u043e\u0433\u043e \u0434\u0435\u0439\u0441\u0442\u0432\u0438\u044f \u0440\u0435\u043a\u043b\u0430\u043c\u044b. \u041c\u044b \u0433\u043e\u0442\u043e\u0432\u044b \u043f\u043e\u043c\u043e\u0447\u044c \u0412\u0430\u043c \u0432\u044b\u0431\u0440\u0430\u0442\u044c \u043d\u0430\u0438\u0431\u043e\u043b\u0435\u0435 \u043f\u043e\u0434\u0445\u043e\u0434\u044f\u0449\u0443\u044e \u0434\u043b\u044f \u0412\u0430\u0441 \u0438 \u043e\u0442\u0432\u0435\u0447\u0430\u044e\u0449\u0443\u044e \u0412\u0430\u0448\u0438\u043c \u0446\u0435\u043b\u044f\u043c \u0440\u0435\u043a\u043b\u0430\u043c\u043d\u0443\u044e \u0441\u0442\u0440\u0430\u0442\u0435\u0433\u0438\u044e.<\/div>\n<div><strong>\u00a0<\/strong><\/div>\n<div><strong>Disposition<\/strong><\/div>\n<div>Unser Dispo-Team sorgt daf\u00fcr, dass Ihre Werbung zur richtigen Zeit gesendet wird. Bei der Verteilung der Spotschaltungen ber\u00fccksichtigen wir nach M\u00f6glichkeit auch Ihre Wunschtermine und achten darauf, dass Ihr Spot nicht zusammen mit der Konkurrenz gesendet wird. Unser Team hilft auch gerne weiter, wenn Sie mal kurzfristig Ihren Werbespot verschieben oder austauschen m\u00f6chten.<\/div>\n<div><strong>\u00a0<\/strong><\/div>\n<div><strong>Spotproduktion<\/strong><\/div>\n<div>F\u00fcr den Erfolg Ihrer Werbekampagne hat auch ein guter Spot eine gro\u00dfe Bedeutung. Von der Idee, \u00fcber die Konzeption bis zur professionelle Umsetzung - unser kompetentes Team produziert f\u00fcr Sie einen Radiospot, der zu Ihrer Marke und Ihrem Produkt am besten passt. Dabei ber\u00fccksichtigen wir die kulturellen Besonderheiten unserer Zielgruppe und achten darauf, dass die Inhalte zielgruppengerecht vermittelt werden.<\/div>\n\n\t\t<\/div>\n\t<\/div>\n<div class=\"vc_empty_space\"   style=\"height: 32px\"><span class=\"vc_empty_space_inner\"><\/span><\/div><\/div><\/div><\/div><\/div><\/div><div class=\"qt-vc-row-container\"><div class=\"vc_row wpb_row vc_row-kentha\"><div class=\"wpb_column vc_column_container vc_col-sm-6\"><div class=\"vc_column-inner vc_custom_1618204097834\"><div class=\"wpb_wrapper\">\n\t<div class=\"wpb_text_column wpb_content_element  qt-the-content\" >\n\t\t<div class=\"wpb_wrapper\">\n\t\t\t<p><span style=\"font-weight: bold; font-family: 'Open Sans';\">Radio Golos Berlina GmbH<\/span><br \/>Axel-Springer-Strasse 54A<br \/>10117 Berlin<\/p>\n<p><strong>Studio:<\/strong><br \/>Email: <a href=\"mailto:redaktion@radio-rb.de\">redaktion@radio-rb.de<\/a><\/p>\n<p><strong>Live-Anruf:<\/strong><br \/>Telefon: 030 263 933 617<\/p>\n<p><strong>Werbeabteilung:<\/strong><br \/>Telefon: 030 263 933 76<br \/>Email: <a href=\"mailto:verkauf@radio-rb.de\">verkauf@radio-rb.de<\/a><\/p>\n\n\t\t<\/div>\n\t<\/div>\n<\/div><\/div><\/div><div class=\"wpb_column vc_column_container vc_col-sm-6\"><div class=\"vc_column-inner\"><div class=\"wpb_wrapper\">\n<div class=\"wpcf7 no-js\" id=\"wpcf7-f18-o1\" lang=\"ru-RU\" dir=\"ltr\" data-wpcf7-id=\"18\">\n<div class=\"screen-reader-response\"><p role=\"status\" aria-live=\"polite\" aria-atomic=\"true\"><\/p> <ul><\/ul><\/div>\n<form action=\"\/de\/wp-json\/wp\/v2\/pages\/97#wpcf7-f18-o1\" method=\"post\" class=\"wpcf7-form init\" aria-label=\"\u041a\u043e\u043d\u0442\u0430\u043a\u0442\u043d\u0430\u044f \u0444\u043e\u0440\u043c\u0430\" novalidate=\"novalidate\" data-status=\"init\" data-trp-original-action=\"\/de\/wp-json\/wp\/v2\/pages\/97#wpcf7-f18-o1\">\n<fieldset class=\"hidden-fields-container\"><input type=\"hidden\" name=\"_wpcf7\" value=\"18\" \/><input type=\"hidden\" name=\"_wpcf7_version\" value=\"6.1.5\" \/><input type=\"hidden\" name=\"_wpcf7_locale\" value=\"ru_RU\" \/><input type=\"hidden\" name=\"_wpcf7_unit_tag\" value=\"wpcf7-f18-o1\" \/><input type=\"hidden\" name=\"_wpcf7_container_post\" value=\"0\" \/><input type=\"hidden\" name=\"_wpcf7_posted_data_hash\" value=\"\" \/>\n<\/fieldset>\n<p><label> Ihre Name<br \/>\n<input size=\"40\" maxlength=\"400\" class=\"wpcf7-form-control wpcf7-text wpcf7-validates-as-required\" aria-required=\"true\" aria-invalid=\"false\" value=\"\" type=\"text\" name=\"your-name\" \/> <\/label>\n<\/p>\n<p><label> Ihr Telefon<br \/>\n<input size=\"40\" maxlength=\"400\" class=\"wpcf7-form-control wpcf7-tel wpcf7-validates-as-required wpcf7-text wpcf7-validates-as-tel\" aria-required=\"true\" aria-invalid=\"false\" value=\"\" type=\"tel\" name=\"your-phone\" \/> <\/label>\n<\/p>\n<p><label> Ihre E-Mail<br \/>\n<input size=\"40\" maxlength=\"400\" class=\"wpcf7-form-control wpcf7-email wpcf7-validates-as-required wpcf7-text wpcf7-validates-as-email\" aria-required=\"true\" aria-invalid=\"false\" value=\"\" type=\"email\" name=\"your-email\" \/> <\/label>\n<\/p>\n<p><label> Ihre Nachricht<br \/>\n<textarea cols=\"40\" rows=\"10\" maxlength=\"2000\" class=\"wpcf7-form-control wpcf7-textarea\" aria-invalid=\"false\" name=\"your-message\"><\/textarea> <\/label>\n<\/p>\n<p><input class=\"wpcf7-form-control wpcf7-submit has-spinner\" type=\"submit\" value=\"senden\" \/>\n<\/p><p style=\"display: none !important;\" class=\"akismet-fields-container\" data-prefix=\"_wpcf7_ak_\"><label>&#916;<textarea name=\"_wpcf7_ak_hp_textarea\" cols=\"45\" rows=\"8\" maxlength=\"100\"><\/textarea><\/label><input type=\"hidden\" id=\"ak_js_1\" name=\"_wpcf7_ak_js\" value=\"145\"\/><script>document.getElementById( \"ak_js_1\" ).setAttribute( \"value\", ( new Date() ).getTime() );<\/script><\/p><div class=\"wpcf7-response-output\" aria-hidden=\"true\"><\/div>\n<input type=\"hidden\" name=\"trp-form-language\" value=\"de\"\/><\/form>\n<\/div>\n<\/div><\/div><\/div><\/div><\/div>\t\t\t\t\t\t\t\t<\/div>\n\t\t\t\t<\/div>\n\t\t\t\t\t<\/div>\n\t\t<\/div>\n\t\t\t\t\t<\/div>\n\t\t<\/section>\n\t\t\t\t<\/div>\n\t\t<\/div>","protected":false},"excerpt":{"rendered":"\u0412\u044b \u0445\u043e\u0442\u0438\u0442\u0435 \u043f\u043e\u0432\u044b\u0441\u0438\u0442\u044c \u0438\u0437\u0432\u0435\u0441\u0442\u043d\u043e\u0441\u0442\u044c \u0412\u0430\u0448\u0435\u0433\u043e \u043f\u0440\u043e\u0434\u0443\u043a\u0442\u0430 \u0438\u043b\u0438 \u0431\u0440\u0435\u043d\u0434\u0430 \u0438\u043c\u0438\u0434\u0436\u0435\u0432\u043e\u0439 \u043a\u0430\u043c\u043f\u0430\u043d\u0438\u0435\u0439 \u0438\u043b\u0438 \u043f\u043b\u0430\u043d\u0438\u0440\u0443\u0435\u0442\u0435 \u043f\u0440\u043e\u0432\u0435\u0434\u0435\u043d\u0438\u0435 \u0430\u043a\u0446\u0438\u0438 \u043f\u043e \u0441\u043b\u0443\u0447\u0430\u044e \u043e\u0442\u043a\u0440\u044b\u0442\u0438\u044f \u043d\u043e\u0432\u043e\u0433\u043e \u0444\u0438\u043b\u0438\u0430\u043b\u0430? \u0412\u044b \u0445\u043e\u0442\u0438\u0442\u0435 \u043f\u0440\u0438\u0432\u043b\u0435\u0447\u044c \u0432\u043d\u0438\u043c\u0430\u043d\u0438\u0435 \u0441\u043b\u0443\u0448\u0430\u0442\u0435\u043b\u0435\u0439 \u043a \u0432\u044b\u0433\u043e\u0434\u043d\u044b\u043c \u0441\u043a\u0438\u0434\u043a\u0430\u043c \u0438\u043b\u0438 \u043f\u0440\u0438\u0433\u043b\u0430\u0441\u0438\u0442\u044c \u0433\u043e\u0441\u0442\u0435\u0439 \u043d\u0430 \u0412\u0430\u0448\u0435 \u043c\u0435\u0440\u043e\u043f\u0440\u0438\u044f\u0442\u0438\u0435? \u0420\u0430\u0437\u043c\u0435\u0449\u0430\u0439\u0442\u0435 \u0440\u0435\u043a\u043b\u0430\u043c\u0443 \u043d\u0430 \u0420\u0430\u0434\u0438\u043e \u0413\u043e\u043b\u043e\u0441 \u0411\u0435\u0440\u043b\u0438\u043d\u0430! \u041a\u043b\u0430\u0441\u0441\u0438\u0447\u0435\u0441\u043a\u0438\u0435 \u0430\u0443\u0434\u0438\u043e\u0440\u043e\u043b\u0438\u043a\u0438, \u0441\u043f\u043e\u043d\u0441\u043e\u0440\u0441\u0442\u0432\u043e \u0438\u043b\u0438 \u0441\u043f\u0435\u0446\u0438\u0430\u043b\u044c\u043d\u044b\u0435 \u0432\u0438\u0434\u044b \u0440\u0435\u043a\u043b\u0430\u043c\u044b, \u0434\u043b\u0438\u0442\u0435\u043b\u044c\u043d\u044b\u0435 \u0440\u0435\u043a\u043b\u0430\u043c\u043d\u044b\u0435 \u043a\u0430\u043c\u043f\u0430\u043d\u0438\u0438 \u0438\u043b\u0438 [...]","protected":false},"author":1,"featured_media":0,"parent":0,"menu_order":5,"comment_status":"closed","ping_status":"closed","template":"","meta":{"footnotes":""},"class_list":["post-97","page","type-page","status-publish","hentry"],"yoast_head":"<!-- This site is optimized with the Yoast SEO Premium plugin v22.7 (Yoast SEO v27.4) - https:\/\/yoast.com\/product\/yoast-seo-premium-wordpress\/ -->\n<title>\u0420\u0435\u043a\u043b\u0430\u043c\u0430 - \u0420\u0430\u0434\u0438\u043e \u0413\u043e\u043b\u043e\u0441 \u0411\u0435\u0440\u043b\u0438\u043d\u0430 97.2 FM<\/title>\n<meta name=\"robots\" content=\"index, follow, max-snippet:-1, max-image-preview:large, max-video-preview:-1\" \/>\n<link rel=\"canonical\" href=\"https:\/\/radio-rb.de\/de\/reklama\/\" \/>\n<meta property=\"og:locale\" content=\"de_DE\" \/>\n<meta property=\"og:type\" content=\"article\" \/>\n<meta property=\"og:title\" content=\"\u0420\u0435\u043a\u043b\u0430\u043c\u0430\" \/>\n<meta property=\"og:url\" content=\"https:\/\/radio-rb.de\/de\/reklama\/\" \/>\n<meta property=\"og:site_name\" content=\"\u0420\u0430\u0434\u0438\u043e \u0413\u043e\u043b\u043e\u0441 \u0411\u0435\u0440\u043b\u0438\u043d\u0430 97.2 FM\" \/>\n<meta property=\"article:modified_time\" content=\"2024-07-09T10:17:51+00:00\" \/>\n<meta name=\"twitter:card\" content=\"summary_large_image\" \/>\n<meta name=\"twitter:label1\" content=\"Gesch\u00e4tzte Lesezeit\" \/>\n\t<meta name=\"twitter:data1\" content=\"2\u00a0Minuten\" \/>\n<script type=\"application\/ld+json\" class=\"yoast-schema-graph\">{\"@context\":\"https:\\\/\\\/schema.org\",\"@graph\":[{\"@type\":\"WebPage\",\"@id\":\"https:\\\/\\\/radio-rb.de\\\/reklama\\\/\",\"url\":\"https:\\\/\\\/radio-rb.de\\\/reklama\\\/\",\"name\":\"\u0420\u0435\u043a\u043b\u0430\u043c\u0430 - \u0420\u0430\u0434\u0438\u043e \u0413\u043e\u043b\u043e\u0441 \u0411\u0435\u0440\u043b\u0438\u043d\u0430 97.2 FM\",\"isPartOf\":{\"@id\":\"https:\\\/\\\/radio-rb.de\\\/#website\"},\"datePublished\":\"2021-03-14T05:18:23+00:00\",\"dateModified\":\"2024-07-09T10:17:51+00:00\",\"breadcrumb\":{\"@id\":\"https:\\\/\\\/radio-rb.de\\\/reklama\\\/#breadcrumb\"},\"inLanguage\":\"de\",\"potentialAction\":[{\"@type\":\"ReadAction\",\"target\":[\"https:\\\/\\\/radio-rb.de\\\/reklama\\\/\"]}]},{\"@type\":\"BreadcrumbList\",\"@id\":\"https:\\\/\\\/radio-rb.de\\\/reklama\\\/#breadcrumb\",\"itemListElement\":[{\"@type\":\"ListItem\",\"position\":1,\"name\":\"\u0413\u043b\u0430\u0432\u043d\u0430\u044f \u0441\u0442\u0440\u0430\u043d\u0438\u0446\u0430\",\"item\":\"https:\\\/\\\/radio-rb.de\\\/\"},{\"@type\":\"ListItem\",\"position\":2,\"name\":\"\u0420\u0435\u043a\u043b\u0430\u043c\u0430\"}]},{\"@type\":\"WebSite\",\"@id\":\"https:\\\/\\\/radio-rb.de\\\/#website\",\"url\":\"https:\\\/\\\/radio-rb.de\\\/\",\"name\":\"\u0420\u0430\u0434\u0438\u043e \u0413\u043e\u043b\u043e\u0441 \u0411\u0435\u0440\u043b\u0438\u043d\u0430 97.2 FM\",\"description\":\"\",\"potentialAction\":[{\"@type\":\"SearchAction\",\"target\":{\"@type\":\"EntryPoint\",\"urlTemplate\":\"https:\\\/\\\/radio-rb.de\\\/?s={search_term_string}\"},\"query-input\":{\"@type\":\"PropertyValueSpecification\",\"valueRequired\":true,\"valueName\":\"search_term_string\"}}],\"inLanguage\":\"de\"}]}<\/script>\n<!-- \/ Yoast SEO Premium plugin. -->","yoast_head_json":{"title":"\u0420\u0435\u043a\u043b\u0430\u043c\u0430 - \u0420\u0430\u0434\u0438\u043e \u0413\u043e\u043b\u043e\u0441 \u0411\u0435\u0440\u043b\u0438\u043d\u0430 97.2 FM","robots":{"index":"index","follow":"follow","max-snippet":"max-snippet:-1","max-image-preview":"max-image-preview:large","max-video-preview":"max-video-preview:-1"},"canonical":"https:\/\/radio-rb.de\/de\/reklama\/","og_locale":"de_DE","og_type":"article","og_title":"\u0420\u0435\u043a\u043b\u0430\u043c\u0430","og_url":"https:\/\/radio-rb.de\/de\/reklama\/","og_site_name":"\u0420\u0430\u0434\u0438\u043e \u0413\u043e\u043b\u043e\u0441 \u0411\u0435\u0440\u043b\u0438\u043d\u0430 97.2 FM","article_modified_time":"2024-07-09T10:17:51+00:00","twitter_card":"summary_large_image","twitter_misc":{"Gesch\u00e4tzte Lesezeit":"2\u00a0Minuten"},"schema":{"@context":"https:\/\/schema.org","@graph":[{"@type":"WebPage","@id":"https:\/\/radio-rb.de\/reklama\/","url":"https:\/\/radio-rb.de\/reklama\/","name":"\u0420\u0435\u043a\u043b\u0430\u043c\u0430 - \u0420\u0430\u0434\u0438\u043e \u0413\u043e\u043b\u043e\u0441 \u0411\u0435\u0440\u043b\u0438\u043d\u0430 97.2 FM","isPartOf":{"@id":"https:\/\/radio-rb.de\/#website"},"datePublished":"2021-03-14T05:18:23+00:00","dateModified":"2024-07-09T10:17:51+00:00","breadcrumb":{"@id":"https:\/\/radio-rb.de\/reklama\/#breadcrumb"},"inLanguage":"de","potentialAction":[{"@type":"ReadAction","target":["https:\/\/radio-rb.de\/reklama\/"]}]},{"@type":"BreadcrumbList","@id":"https:\/\/radio-rb.de\/reklama\/#breadcrumb","itemListElement":[{"@type":"ListItem","position":1,"name":"\u0413\u043b\u0430\u0432\u043d\u0430\u044f \u0441\u0442\u0440\u0430\u043d\u0438\u0446\u0430","item":"https:\/\/radio-rb.de\/"},{"@type":"ListItem","position":2,"name":"\u0420\u0435\u043a\u043b\u0430\u043c\u0430"}]},{"@type":"WebSite","@id":"https:\/\/radio-rb.de\/#website","url":"https:\/\/radio-rb.de\/","name":"\u0420\u0430\u0434\u0438\u043e \u0413\u043e\u043b\u043e\u0441 \u0411\u0435\u0440\u043b\u0438\u043d\u0430 97.2 FM","description":"","potentialAction":[{"@type":"SearchAction","target":{"@type":"EntryPoint","urlTemplate":"https:\/\/radio-rb.de\/?s={search_term_string}"},"query-input":{"@type":"PropertyValueSpecification","valueRequired":true,"valueName":"search_term_string"}}],"inLanguage":"de"}]}},"_links":{"self":[{"href":"https:\/\/radio-rb.de\/de\/wp-json\/wp\/v2\/pages\/97","targetHints":{"allow":["GET"]}}],"collection":[{"href":"https:\/\/radio-rb.de\/de\/wp-json\/wp\/v2\/pages"}],"about":[{"href":"https:\/\/radio-rb.de\/de\/wp-json\/wp\/v2\/types\/page"}],"author":[{"embeddable":true,"href":"https:\/\/radio-rb.de\/de\/wp-json\/wp\/v2\/users\/1"}],"replies":[{"embeddable":true,"href":"https:\/\/radio-rb.de\/de\/wp-json\/wp\/v2\/comments?post=97"}],"version-history":[{"count":26,"href":"https:\/\/radio-rb.de\/de\/wp-json\/wp\/v2\/pages\/97\/revisions"}],"predecessor-version":[{"id":2521,"href":"https:\/\/radio-rb.de\/de\/wp-json\/wp\/v2\/pages\/97\/revisions\/2521"}],"wp:attachment":[{"href":"https:\/\/radio-rb.de\/de\/wp-json\/wp\/v2\/media?parent=97"}],"curies":[{"name":"wp","href":"https:\/\/api.w.org\/{rel}","templated":true}]}}