{"id":61,"date":"2021-03-14T04:00:15","date_gmt":"2021-03-14T03:00:15","guid":{"rendered":"http:\/\/radio-rb.de\/?page_id=61"},"modified":"2023-02-03T17:13:00","modified_gmt":"2023-02-03T16:13:00","slug":"impressum","status":"publish","type":"page","link":"https:\/\/radio-rb.de\/de\/impressum\/","title":{"rendered":"Impressum"},"content":{"rendered":"<div><strong>Radio Golos Berlin GmbH<\/strong><\/div>\n<div>Axel-Springer-Stra\u00dfe 54A, 10117 Berlin<\/div>\n<div>Gesch\u00e4ftsf\u00fchrer Dmitri Feldmann<\/div>\n<div>Amtsgericht Berlin-Charlottenburg, HRB 90022<\/div>\n<div>Bankverbindung: Berliner Sparkasse,<br \/>\nBIC: BELADEBEXXX, IBAN: DE34 1005 0000 0190 7216 18<\/div>\n<div>St.-Nr. 29\/464\/06126, Ust-IdNr. DE230869091<\/div>","protected":false},"excerpt":{"rendered":"<p>Radio Golos Berlin GmbH Axel-Springer-Stra\u00dfe 54A, 10117 Berlin Gesch\u00e4ftsf\u00fchrer Dmitri Feldman Amtsgericht Berlin-Charlottenburg, HRB 90022 Bankverbindung: Berliner Sparkasse, BIC: BELADEBEXXX, IBAN: DE34 1005 0000 0190 7216 18 St.-Nr. 29\/464\/06126, Ust-IdNr. DE230869091<\/p>","protected":false},"author":1,"featured_media":0,"parent":0,"menu_order":6,"comment_status":"closed","ping_status":"closed","template":"","meta":{"footnotes":""},"class_list":["post-61","page","type-page","status-publish","hentry"],"yoast_head":"<!-- This site is optimized with the Yoast SEO Premium plugin v22.7 (Yoast SEO v27.4) - https:\/\/yoast.com\/product\/yoast-seo-premium-wordpress\/ -->\n<title>Impressum - \u0420\u0430\u0434\u0438\u043e \u0413\u043e\u043b\u043e\u0441 \u0411\u0435\u0440\u043b\u0438\u043d\u0430 97.2 FM<\/title>\n<meta name=\"robots\" content=\"index, follow, max-snippet:-1, max-image-preview:large, max-video-preview:-1\" \/>\n<link rel=\"canonical\" href=\"https:\/\/radio-rb.de\/de\/impressum\/\" \/>\n<meta property=\"og:locale\" content=\"de_DE\" \/>\n<meta property=\"og:type\" content=\"article\" \/>\n<meta property=\"og:title\" content=\"Impressum\" \/>\n<meta property=\"og:description\" content=\"Radio Golos Berlin GmbH Axel-Springer-Stra\u00dfe 54A, 10117 Berlin Gesch\u00e4ftsf\u00fchrer Dmitri Feldman Amtsgericht Berlin-Charlottenburg, HRB 90022 Bankverbindung: Berliner Sparkasse, BIC: BELADEBEXXX, IBAN: DE34 1005 0000 0190 7216 18 St.-Nr. 29\/464\/06126, Ust-IdNr. DE230869091\" \/>\n<meta property=\"og:url\" content=\"https:\/\/radio-rb.de\/de\/impressum\/\" \/>\n<meta property=\"og:site_name\" content=\"\u0420\u0430\u0434\u0438\u043e \u0413\u043e\u043b\u043e\u0441 \u0411\u0435\u0440\u043b\u0438\u043d\u0430 97.2 FM\" \/>\n<meta property=\"article:modified_time\" content=\"2023-02-03T16:13:00+00:00\" \/>\n<meta name=\"twitter:card\" content=\"summary_large_image\" \/>\n<meta name=\"twitter:label1\" content=\"Gesch\u00e4tzte Lesezeit\" \/>\n\t<meta name=\"twitter:data1\" content=\"1\u00a0Minute\" \/>\n<script type=\"application\/ld+json\" class=\"yoast-schema-graph\">{\"@context\":\"https:\\\/\\\/schema.org\",\"@graph\":[{\"@type\":\"WebPage\",\"@id\":\"https:\\\/\\\/radio-rb.de\\\/impressum\\\/\",\"url\":\"https:\\\/\\\/radio-rb.de\\\/impressum\\\/\",\"name\":\"Impressum - \u0420\u0430\u0434\u0438\u043e \u0413\u043e\u043b\u043e\u0441 \u0411\u0435\u0440\u043b\u0438\u043d\u0430 97.2 FM\",\"isPartOf\":{\"@id\":\"https:\\\/\\\/radio-rb.de\\\/#website\"},\"datePublished\":\"2021-03-14T03:00:15+00:00\",\"dateModified\":\"2023-02-03T16:13:00+00:00\",\"breadcrumb\":{\"@id\":\"https:\\\/\\\/radio-rb.de\\\/impressum\\\/#breadcrumb\"},\"inLanguage\":\"de\",\"potentialAction\":[{\"@type\":\"ReadAction\",\"target\":[\"https:\\\/\\\/radio-rb.de\\\/impressum\\\/\"]}]},{\"@type\":\"BreadcrumbList\",\"@id\":\"https:\\\/\\\/radio-rb.de\\\/impressum\\\/#breadcrumb\",\"itemListElement\":[{\"@type\":\"ListItem\",\"position\":1,\"name\":\"\u0413\u043b\u0430\u0432\u043d\u0430\u044f \u0441\u0442\u0440\u0430\u043d\u0438\u0446\u0430\",\"item\":\"https:\\\/\\\/radio-rb.de\\\/\"},{\"@type\":\"ListItem\",\"position\":2,\"name\":\"Impressum\"}]},{\"@type\":\"WebSite\",\"@id\":\"https:\\\/\\\/radio-rb.de\\\/#website\",\"url\":\"https:\\\/\\\/radio-rb.de\\\/\",\"name\":\"\u0420\u0430\u0434\u0438\u043e \u0413\u043e\u043b\u043e\u0441 \u0411\u0435\u0440\u043b\u0438\u043d\u0430 97.2 FM\",\"description\":\"\",\"potentialAction\":[{\"@type\":\"SearchAction\",\"target\":{\"@type\":\"EntryPoint\",\"urlTemplate\":\"https:\\\/\\\/radio-rb.de\\\/?s={search_term_string}\"},\"query-input\":{\"@type\":\"PropertyValueSpecification\",\"valueRequired\":true,\"valueName\":\"search_term_string\"}}],\"inLanguage\":\"de\"}]}<\/script>\n<!-- \/ Yoast SEO Premium plugin. -->","yoast_head_json":{"title":"Impressum - \u0420\u0430\u0434\u0438\u043e \u0413\u043e\u043b\u043e\u0441 \u0411\u0435\u0440\u043b\u0438\u043d\u0430 97.2 FM","robots":{"index":"index","follow":"follow","max-snippet":"max-snippet:-1","max-image-preview":"max-image-preview:large","max-video-preview":"max-video-preview:-1"},"canonical":"https:\/\/radio-rb.de\/de\/impressum\/","og_locale":"de_DE","og_type":"article","og_title":"Impressum","og_description":"Radio Golos Berlin GmbH Axel-Springer-Stra\u00dfe 54A, 10117 Berlin Gesch\u00e4ftsf\u00fchrer Dmitri Feldman Amtsgericht Berlin-Charlottenburg, HRB 90022 Bankverbindung: Berliner Sparkasse, BIC: BELADEBEXXX, IBAN: DE34 1005 0000 0190 7216 18 St.-Nr. 29\/464\/06126, Ust-IdNr. DE230869091","og_url":"https:\/\/radio-rb.de\/de\/impressum\/","og_site_name":"\u0420\u0430\u0434\u0438\u043e \u0413\u043e\u043b\u043e\u0441 \u0411\u0435\u0440\u043b\u0438\u043d\u0430 97.2 FM","article_modified_time":"2023-02-03T16:13:00+00:00","twitter_card":"summary_large_image","twitter_misc":{"Gesch\u00e4tzte Lesezeit":"1\u00a0Minute"},"schema":{"@context":"https:\/\/schema.org","@graph":[{"@type":"WebPage","@id":"https:\/\/radio-rb.de\/impressum\/","url":"https:\/\/radio-rb.de\/impressum\/","name":"Impressum - \u0420\u0430\u0434\u0438\u043e \u0413\u043e\u043b\u043e\u0441 \u0411\u0435\u0440\u043b\u0438\u043d\u0430 97.2 FM","isPartOf":{"@id":"https:\/\/radio-rb.de\/#website"},"datePublished":"2021-03-14T03:00:15+00:00","dateModified":"2023-02-03T16:13:00+00:00","breadcrumb":{"@id":"https:\/\/radio-rb.de\/impressum\/#breadcrumb"},"inLanguage":"de","potentialAction":[{"@type":"ReadAction","target":["https:\/\/radio-rb.de\/impressum\/"]}]},{"@type":"BreadcrumbList","@id":"https:\/\/radio-rb.de\/impressum\/#breadcrumb","itemListElement":[{"@type":"ListItem","position":1,"name":"\u0413\u043b\u0430\u0432\u043d\u0430\u044f \u0441\u0442\u0440\u0430\u043d\u0438\u0446\u0430","item":"https:\/\/radio-rb.de\/"},{"@type":"ListItem","position":2,"name":"Impressum"}]},{"@type":"WebSite","@id":"https:\/\/radio-rb.de\/#website","url":"https:\/\/radio-rb.de\/","name":"\u0420\u0430\u0434\u0438\u043e \u0413\u043e\u043b\u043e\u0441 \u0411\u0435\u0440\u043b\u0438\u043d\u0430 97.2 FM","description":"","potentialAction":[{"@type":"SearchAction","target":{"@type":"EntryPoint","urlTemplate":"https:\/\/radio-rb.de\/?s={search_term_string}"},"query-input":{"@type":"PropertyValueSpecification","valueRequired":true,"valueName":"search_term_string"}}],"inLanguage":"de"}]}},"_links":{"self":[{"href":"https:\/\/radio-rb.de\/de\/wp-json\/wp\/v2\/pages\/61","targetHints":{"allow":["GET"]}}],"collection":[{"href":"https:\/\/radio-rb.de\/de\/wp-json\/wp\/v2\/pages"}],"about":[{"href":"https:\/\/radio-rb.de\/de\/wp-json\/wp\/v2\/types\/page"}],"author":[{"embeddable":true,"href":"https:\/\/radio-rb.de\/de\/wp-json\/wp\/v2\/users\/1"}],"replies":[{"embeddable":true,"href":"https:\/\/radio-rb.de\/de\/wp-json\/wp\/v2\/comments?post=61"}],"version-history":[{"count":6,"href":"https:\/\/radio-rb.de\/de\/wp-json\/wp\/v2\/pages\/61\/revisions"}],"predecessor-version":[{"id":1081,"href":"https:\/\/radio-rb.de\/de\/wp-json\/wp\/v2\/pages\/61\/revisions\/1081"}],"wp:attachment":[{"href":"https:\/\/radio-rb.de\/de\/wp-json\/wp\/v2\/media?parent=61"}],"curies":[{"name":"wp","href":"https:\/\/api.w.org\/{rel}","templated":true}]}}