{"id":353,"date":"2021-04-16T14:04:09","date_gmt":"2021-04-16T12:04:09","guid":{"rendered":"http:\/\/radio-rb.de\/?page_id=353"},"modified":"2021-04-16T14:04:09","modified_gmt":"2021-04-16T12:04:09","slug":"russkoyazychnaya-czelevaya-gruppa-dannye-i-fakty","status":"publish","type":"page","link":"https:\/\/radio-rb.de\/de\/reklama\/russkoyazychnaya-czelevaya-gruppa-dannye-i-fakty\/","title":{"rendered":"Russisch sprechende Zielgruppe. Daten und Fakten"},"content":{"rendered":"<ul>\n<li>Die russischsprachige Bev\u00f6lkerung Deutschlands betr\u00e4gt etwa 4 Millionen Menschen, davon leben etwa 350.000 in Berlin!<\/li>\n<li>Die Familie spielt eine wichtige Rolle, oft leben mehrere Generationen unter einem Dach.<\/li>\n<li>Die russischsprachige Bev\u00f6lkerung besteht aus Menschen mit guter Bildung, die danach streben, sich schnell zu integrieren und vollwertige Mitglieder der Gesellschaft zu werden.<\/li>\n<li>Russischsprachige B\u00fcrger Deutschlands verf\u00fcgen \u00fcber ein \u00fcberdurchschnittliches Einkommen.<\/li>\n<li>Die Zielgruppe verf\u00fcgt \u00fcber eine hohe Kaufkraft (40 Milliarden Euro\/Jahr), verbunden mit einer festen Entscheidung, in Deutschland zu bleiben: H\u00e4user werden gebaut, Qualit\u00e4tsg\u00fcter bevorzugt, langfristige Finanzierungsprogramme schrecken nicht ab.<\/li>\n<li>Die Ersparnisse werden nicht nach Hause geschickt, sondern in Deutschland angelegt.<\/li>\n<li>Die Bevorzugung von Markenprodukten ist ausgepr\u00e4gt und beeinflusst die Kaufentscheidung.<\/li>\n<li>Kaufentscheidungen werden im Familienkreis getroffen, der Einkauf wird aus der allgemeinen Kasse finanziert.<\/li>\n<li>Mundpropaganda innerhalb der Gruppe ist sehr verbreitet.<\/li>\n<li>Die russischsprachige Bev\u00f6lkerung ist sehr reisefreudig.<\/li>\n<li>Der Wunsch nach eigenem Wohnraum ist deutlich ausgepr\u00e4gter als bei anderen Migrantengruppen.<\/li>\n<li>Trotz ihrer relativen Heterogenit\u00e4t (die russischsprachige Bev\u00f6lkerung setzt sich aus Vertretern unterschiedlicher Nationalit\u00e4ten und Religionen zusammen) hat die Zielgruppe einen gemeinsamen Nenner \u2013 die russische Sprache. Vor allem im Ausland vereint die russische Sprache alle Nationalit\u00e4ten der ehemaligen Sowjetunion und bildet die Grundlage ihrer kulturellen Identit\u00e4t.<\/li>\n<li>Die Popularit\u00e4t der russischsprachigen Medien bei der Zielgruppe ist \u00fcber die Jahre konstant auf hohem Niveau geblieben. Sie genie\u00dfen gro\u00dfes Vertrauen und werden von der russischsprachigen Bev\u00f6lkerung anerkannt und sind eine wichtige Informationsquelle.<\/li>\n<li>Eine Anzeige in Ihrer Muttersprache erh\u00f6ht die Glaubw\u00fcrdigkeit des beworbenen Produkts.<\/li>\n<\/ul>\n<div>Die russischsprachige Bev\u00f6lkerung Deutschlands ist ein profitabler Markt f\u00fcr deutsche Unternehmen, dessen Potenzial nicht zu untersch\u00e4tzen ist! Sie k\u00f6nnen Ihren Umsatz schnell und dauerhaft steigern, indem Sie auf Ethnomarketing setzen und einen neuen russischsprachigen Markt erobern!<\/div>","protected":false},"excerpt":{"rendered":"<p>\u0420\u0443\u0441\u0441\u043a\u043e\u044f\u0437\u044b\u0447\u043d\u043e\u0435 \u043d\u0430\u0441\u0435\u043b\u0435\u043d\u0438\u0435 \u0413\u0435\u0440\u043c\u0430\u043d\u0438\u0438 \u0441\u043e\u0441\u0442\u0430\u0432\u043b\u044f\u0435\u0442 \u043e\u043a\u043e\u043b\u043e 4 \u043c\u0438\u043b\u043b\u0438\u043e\u043d\u043e\u0432 \u0447\u0435\u043b\u043e\u0432\u0435\u043a, \u0438\u0437 \u043d\u0438\u0445 \u043e\u043a\u043e\u043b\u043e 350.000 \u043f\u0440\u043e\u0436\u0438\u0432\u0430\u044e\u0442 \u0432 \u0411\u0435\u0440\u043b\u0438\u043d\u0435! \u0412\u0430\u0436\u043d\u0443\u044e \u0440\u043e\u043b\u044c \u0438\u0433\u0440\u0430\u0435\u0442 \u0441\u0435\u043c\u044c\u044f, \u043d\u0435\u0440\u0435\u0434\u043a\u043e \u043f\u043e\u0434 \u043e\u0434\u043d\u043e\u0439 \u043a\u0440\u044b\u0448\u0435\u0439 \u0436\u0438\u0432\u0443\u0442 \u043d\u0435\u0441\u043a\u043e\u043b\u044c\u043a\u043e \u043f\u043e\u043a\u043e\u043b\u0435\u043d\u0438\u0439. \u0420\u0443\u0441\u0441\u043a\u043e\u044f\u0437\u044b\u0447\u043d\u043e\u0435 \u043d\u0430\u0441\u0435\u043b\u0435\u043d\u0438\u0435 \u2013 \u044d\u0442\u043e \u043b\u044e\u0434\u0438 \u0441 \u0445\u043e\u0440\u043e\u0448\u0438\u043c \u043e\u0431\u0440\u0430\u0437\u043e\u0432\u0430\u043d\u0438\u0435\u043c, \u0441\u0442\u0440\u0435\u043c\u044f\u0449\u0438\u0435\u0441\u044f \u0431\u044b\u0441\u0442\u0440\u043e \u0438\u043d\u0442\u0435\u0433\u0440\u0438\u0440\u043e\u0432\u0430\u0442\u044c\u0441\u044f \u0438 \u0441\u0442\u0430\u0442\u044c \u043f\u043e\u043b\u043d\u043e\u0446\u0435\u043d\u043d\u044b\u043c\u0438 \u0447\u043b\u0435\u043d\u0430\u043c\u0438 \u043e\u0431\u0449\u0435\u0441\u0442\u0432\u0430. \u0420\u0443\u0441\u0441\u043a\u043e\u044f\u0437\u044b\u0447\u043d\u044b\u0435 \u0433\u0440\u0430\u0436\u0434\u0430\u043d\u0435 \u0413\u0435\u0440\u043c\u0430\u043d\u0438\u0438 \u0438\u043c\u0435\u044e\u0442 \u0434\u043e\u0445\u043e\u0434, \u043f\u0440\u0435\u0432\u044b\u0448\u0430\u044e\u0449\u0438\u0439 \u0441\u0440\u0435\u0434\u043d\u0438\u0435 \u043f\u043e\u043a\u0430\u0437\u0430\u0442\u0435\u043b\u0438. [&hellip;]<\/p>\n","protected":false},"author":1,"featured_media":0,"parent":97,"menu_order":1,"comment_status":"closed","ping_status":"closed","template":"","meta":{"footnotes":""},"class_list":["post-353","page","type-page","status-publish","hentry"],"yoast_head":"<!-- This site is optimized with the Yoast SEO Premium plugin v22.7 (Yoast SEO v27.4) - https:\/\/yoast.com\/product\/yoast-seo-premium-wordpress\/ -->\n<title>\u0420\u0443\u0441\u0441\u043a\u043e\u044f\u0437\u044b\u0447\u043d\u0430\u044f \u0446\u0435\u043b\u0435\u0432\u0430\u044f \u0433\u0440\u0443\u043f\u043f\u0430. \u0414\u0430\u043d\u043d\u044b\u0435 \u0438 \u0444\u0430\u043a\u0442\u044b - \u0420\u0430\u0434\u0438\u043e \u0413\u043e\u043b\u043e\u0441 \u0411\u0435\u0440\u043b\u0438\u043d\u0430 97.2 FM<\/title>\n<meta name=\"robots\" content=\"index, follow, max-snippet:-1, max-image-preview:large, max-video-preview:-1\" \/>\n<link rel=\"canonical\" href=\"https:\/\/radio-rb.de\/de\/reklama\/russkoyazychnaya-czelevaya-gruppa-dannye-i-fakty\/\" \/>\n<meta property=\"og:locale\" content=\"de_DE\" \/>\n<meta property=\"og:type\" content=\"article\" \/>\n<meta property=\"og:title\" content=\"\u0420\u0443\u0441\u0441\u043a\u043e\u044f\u0437\u044b\u0447\u043d\u0430\u044f \u0446\u0435\u043b\u0435\u0432\u0430\u044f \u0433\u0440\u0443\u043f\u043f\u0430. \u0414\u0430\u043d\u043d\u044b\u0435 \u0438 \u0444\u0430\u043a\u0442\u044b\" \/>\n<meta property=\"og:description\" content=\"\u0420\u0443\u0441\u0441\u043a\u043e\u044f\u0437\u044b\u0447\u043d\u043e\u0435 \u043d\u0430\u0441\u0435\u043b\u0435\u043d\u0438\u0435 \u0413\u0435\u0440\u043c\u0430\u043d\u0438\u0438 \u0441\u043e\u0441\u0442\u0430\u0432\u043b\u044f\u0435\u0442 \u043e\u043a\u043e\u043b\u043e 4 \u043c\u0438\u043b\u043b\u0438\u043e\u043d\u043e\u0432 \u0447\u0435\u043b\u043e\u0432\u0435\u043a, \u0438\u0437 \u043d\u0438\u0445 \u043e\u043a\u043e\u043b\u043e 350.000 \u043f\u0440\u043e\u0436\u0438\u0432\u0430\u044e\u0442 \u0432 \u0411\u0435\u0440\u043b\u0438\u043d\u0435! \u0412\u0430\u0436\u043d\u0443\u044e \u0440\u043e\u043b\u044c \u0438\u0433\u0440\u0430\u0435\u0442 \u0441\u0435\u043c\u044c\u044f, \u043d\u0435\u0440\u0435\u0434\u043a\u043e \u043f\u043e\u0434 \u043e\u0434\u043d\u043e\u0439 \u043a\u0440\u044b\u0448\u0435\u0439 \u0436\u0438\u0432\u0443\u0442 \u043d\u0435\u0441\u043a\u043e\u043b\u044c\u043a\u043e \u043f\u043e\u043a\u043e\u043b\u0435\u043d\u0438\u0439. \u0420\u0443\u0441\u0441\u043a\u043e\u044f\u0437\u044b\u0447\u043d\u043e\u0435 \u043d\u0430\u0441\u0435\u043b\u0435\u043d\u0438\u0435 \u2013 \u044d\u0442\u043e \u043b\u044e\u0434\u0438 \u0441 \u0445\u043e\u0440\u043e\u0448\u0438\u043c \u043e\u0431\u0440\u0430\u0437\u043e\u0432\u0430\u043d\u0438\u0435\u043c, \u0441\u0442\u0440\u0435\u043c\u044f\u0449\u0438\u0435\u0441\u044f \u0431\u044b\u0441\u0442\u0440\u043e \u0438\u043d\u0442\u0435\u0433\u0440\u0438\u0440\u043e\u0432\u0430\u0442\u044c\u0441\u044f \u0438 \u0441\u0442\u0430\u0442\u044c \u043f\u043e\u043b\u043d\u043e\u0446\u0435\u043d\u043d\u044b\u043c\u0438 \u0447\u043b\u0435\u043d\u0430\u043c\u0438 \u043e\u0431\u0449\u0435\u0441\u0442\u0432\u0430. \u0420\u0443\u0441\u0441\u043a\u043e\u044f\u0437\u044b\u0447\u043d\u044b\u0435 \u0433\u0440\u0430\u0436\u0434\u0430\u043d\u0435 \u0413\u0435\u0440\u043c\u0430\u043d\u0438\u0438 \u0438\u043c\u0435\u044e\u0442 \u0434\u043e\u0445\u043e\u0434, \u043f\u0440\u0435\u0432\u044b\u0448\u0430\u044e\u0449\u0438\u0439 \u0441\u0440\u0435\u0434\u043d\u0438\u0435 \u043f\u043e\u043a\u0430\u0437\u0430\u0442\u0435\u043b\u0438. [&hellip;]\" \/>\n<meta property=\"og:url\" content=\"https:\/\/radio-rb.de\/de\/reklama\/russkoyazychnaya-czelevaya-gruppa-dannye-i-fakty\/\" \/>\n<meta property=\"og:site_name\" content=\"\u0420\u0430\u0434\u0438\u043e \u0413\u043e\u043b\u043e\u0441 \u0411\u0435\u0440\u043b\u0438\u043d\u0430 97.2 FM\" \/>\n<meta name=\"twitter:card\" content=\"summary_large_image\" \/>\n<meta name=\"twitter:label1\" content=\"Gesch\u00e4tzte Lesezeit\" \/>\n\t<meta name=\"twitter:data1\" content=\"2\u00a0Minuten\" \/>\n<script type=\"application\/ld+json\" class=\"yoast-schema-graph\">{\"@context\":\"https:\\\/\\\/schema.org\",\"@graph\":[{\"@type\":\"WebPage\",\"@id\":\"https:\\\/\\\/radio-rb.de\\\/reklama\\\/russkoyazychnaya-czelevaya-gruppa-dannye-i-fakty\\\/\",\"url\":\"https:\\\/\\\/radio-rb.de\\\/reklama\\\/russkoyazychnaya-czelevaya-gruppa-dannye-i-fakty\\\/\",\"name\":\"\u0420\u0443\u0441\u0441\u043a\u043e\u044f\u0437\u044b\u0447\u043d\u0430\u044f \u0446\u0435\u043b\u0435\u0432\u0430\u044f \u0433\u0440\u0443\u043f\u043f\u0430. \u0414\u0430\u043d\u043d\u044b\u0435 \u0438 \u0444\u0430\u043a\u0442\u044b - \u0420\u0430\u0434\u0438\u043e \u0413\u043e\u043b\u043e\u0441 \u0411\u0435\u0440\u043b\u0438\u043d\u0430 97.2 FM\",\"isPartOf\":{\"@id\":\"https:\\\/\\\/radio-rb.de\\\/#website\"},\"datePublished\":\"2021-04-16T12:04:09+00:00\",\"breadcrumb\":{\"@id\":\"https:\\\/\\\/radio-rb.de\\\/reklama\\\/russkoyazychnaya-czelevaya-gruppa-dannye-i-fakty\\\/#breadcrumb\"},\"inLanguage\":\"de\",\"potentialAction\":[{\"@type\":\"ReadAction\",\"target\":[\"https:\\\/\\\/radio-rb.de\\\/reklama\\\/russkoyazychnaya-czelevaya-gruppa-dannye-i-fakty\\\/\"]}]},{\"@type\":\"BreadcrumbList\",\"@id\":\"https:\\\/\\\/radio-rb.de\\\/reklama\\\/russkoyazychnaya-czelevaya-gruppa-dannye-i-fakty\\\/#breadcrumb\",\"itemListElement\":[{\"@type\":\"ListItem\",\"position\":1,\"name\":\"\u0413\u043b\u0430\u0432\u043d\u0430\u044f \u0441\u0442\u0440\u0430\u043d\u0438\u0446\u0430\",\"item\":\"https:\\\/\\\/radio-rb.de\\\/\"},{\"@type\":\"ListItem\",\"position\":2,\"name\":\"\u0420\u0435\u043a\u043b\u0430\u043c\u0430\",\"item\":\"https:\\\/\\\/radio-rb.de\\\/reklama\\\/\"},{\"@type\":\"ListItem\",\"position\":3,\"name\":\"\u0420\u0443\u0441\u0441\u043a\u043e\u044f\u0437\u044b\u0447\u043d\u0430\u044f \u0446\u0435\u043b\u0435\u0432\u0430\u044f \u0433\u0440\u0443\u043f\u043f\u0430. \u0414\u0430\u043d\u043d\u044b\u0435 \u0438 \u0444\u0430\u043a\u0442\u044b\"}]},{\"@type\":\"WebSite\",\"@id\":\"https:\\\/\\\/radio-rb.de\\\/#website\",\"url\":\"https:\\\/\\\/radio-rb.de\\\/\",\"name\":\"\u0420\u0430\u0434\u0438\u043e \u0413\u043e\u043b\u043e\u0441 \u0411\u0435\u0440\u043b\u0438\u043d\u0430 97.2 FM\",\"description\":\"\",\"potentialAction\":[{\"@type\":\"SearchAction\",\"target\":{\"@type\":\"EntryPoint\",\"urlTemplate\":\"https:\\\/\\\/radio-rb.de\\\/?s={search_term_string}\"},\"query-input\":{\"@type\":\"PropertyValueSpecification\",\"valueRequired\":true,\"valueName\":\"search_term_string\"}}],\"inLanguage\":\"de\"}]}<\/script>\n<!-- \/ Yoast SEO Premium plugin. -->","yoast_head_json":{"title":"\u0420\u0443\u0441\u0441\u043a\u043e\u044f\u0437\u044b\u0447\u043d\u0430\u044f \u0446\u0435\u043b\u0435\u0432\u0430\u044f \u0433\u0440\u0443\u043f\u043f\u0430. \u0414\u0430\u043d\u043d\u044b\u0435 \u0438 \u0444\u0430\u043a\u0442\u044b - \u0420\u0430\u0434\u0438\u043e \u0413\u043e\u043b\u043e\u0441 \u0411\u0435\u0440\u043b\u0438\u043d\u0430 97.2 FM","robots":{"index":"index","follow":"follow","max-snippet":"max-snippet:-1","max-image-preview":"max-image-preview:large","max-video-preview":"max-video-preview:-1"},"canonical":"https:\/\/radio-rb.de\/de\/reklama\/russkoyazychnaya-czelevaya-gruppa-dannye-i-fakty\/","og_locale":"de_DE","og_type":"article","og_title":"\u0420\u0443\u0441\u0441\u043a\u043e\u044f\u0437\u044b\u0447\u043d\u0430\u044f \u0446\u0435\u043b\u0435\u0432\u0430\u044f \u0433\u0440\u0443\u043f\u043f\u0430. \u0414\u0430\u043d\u043d\u044b\u0435 \u0438 \u0444\u0430\u043a\u0442\u044b","og_description":"\u0420\u0443\u0441\u0441\u043a\u043e\u044f\u0437\u044b\u0447\u043d\u043e\u0435 \u043d\u0430\u0441\u0435\u043b\u0435\u043d\u0438\u0435 \u0413\u0435\u0440\u043c\u0430\u043d\u0438\u0438 \u0441\u043e\u0441\u0442\u0430\u0432\u043b\u044f\u0435\u0442 \u043e\u043a\u043e\u043b\u043e 4 \u043c\u0438\u043b\u043b\u0438\u043e\u043d\u043e\u0432 \u0447\u0435\u043b\u043e\u0432\u0435\u043a, \u0438\u0437 \u043d\u0438\u0445 \u043e\u043a\u043e\u043b\u043e 350.000 \u043f\u0440\u043e\u0436\u0438\u0432\u0430\u044e\u0442 \u0432 \u0411\u0435\u0440\u043b\u0438\u043d\u0435! \u0412\u0430\u0436\u043d\u0443\u044e \u0440\u043e\u043b\u044c \u0438\u0433\u0440\u0430\u0435\u0442 \u0441\u0435\u043c\u044c\u044f, \u043d\u0435\u0440\u0435\u0434\u043a\u043e \u043f\u043e\u0434 \u043e\u0434\u043d\u043e\u0439 \u043a\u0440\u044b\u0448\u0435\u0439 \u0436\u0438\u0432\u0443\u0442 \u043d\u0435\u0441\u043a\u043e\u043b\u044c\u043a\u043e \u043f\u043e\u043a\u043e\u043b\u0435\u043d\u0438\u0439. \u0420\u0443\u0441\u0441\u043a\u043e\u044f\u0437\u044b\u0447\u043d\u043e\u0435 \u043d\u0430\u0441\u0435\u043b\u0435\u043d\u0438\u0435 \u2013 \u044d\u0442\u043e \u043b\u044e\u0434\u0438 \u0441 \u0445\u043e\u0440\u043e\u0448\u0438\u043c \u043e\u0431\u0440\u0430\u0437\u043e\u0432\u0430\u043d\u0438\u0435\u043c, \u0441\u0442\u0440\u0435\u043c\u044f\u0449\u0438\u0435\u0441\u044f \u0431\u044b\u0441\u0442\u0440\u043e \u0438\u043d\u0442\u0435\u0433\u0440\u0438\u0440\u043e\u0432\u0430\u0442\u044c\u0441\u044f \u0438 \u0441\u0442\u0430\u0442\u044c \u043f\u043e\u043b\u043d\u043e\u0446\u0435\u043d\u043d\u044b\u043c\u0438 \u0447\u043b\u0435\u043d\u0430\u043c\u0438 \u043e\u0431\u0449\u0435\u0441\u0442\u0432\u0430. \u0420\u0443\u0441\u0441\u043a\u043e\u044f\u0437\u044b\u0447\u043d\u044b\u0435 \u0433\u0440\u0430\u0436\u0434\u0430\u043d\u0435 \u0413\u0435\u0440\u043c\u0430\u043d\u0438\u0438 \u0438\u043c\u0435\u044e\u0442 \u0434\u043e\u0445\u043e\u0434, \u043f\u0440\u0435\u0432\u044b\u0448\u0430\u044e\u0449\u0438\u0439 \u0441\u0440\u0435\u0434\u043d\u0438\u0435 \u043f\u043e\u043a\u0430\u0437\u0430\u0442\u0435\u043b\u0438. [&hellip;]","og_url":"https:\/\/radio-rb.de\/de\/reklama\/russkoyazychnaya-czelevaya-gruppa-dannye-i-fakty\/","og_site_name":"\u0420\u0430\u0434\u0438\u043e \u0413\u043e\u043b\u043e\u0441 \u0411\u0435\u0440\u043b\u0438\u043d\u0430 97.2 FM","twitter_card":"summary_large_image","twitter_misc":{"Gesch\u00e4tzte Lesezeit":"2\u00a0Minuten"},"schema":{"@context":"https:\/\/schema.org","@graph":[{"@type":"WebPage","@id":"https:\/\/radio-rb.de\/reklama\/russkoyazychnaya-czelevaya-gruppa-dannye-i-fakty\/","url":"https:\/\/radio-rb.de\/reklama\/russkoyazychnaya-czelevaya-gruppa-dannye-i-fakty\/","name":"\u0420\u0443\u0441\u0441\u043a\u043e\u044f\u0437\u044b\u0447\u043d\u0430\u044f \u0446\u0435\u043b\u0435\u0432\u0430\u044f \u0433\u0440\u0443\u043f\u043f\u0430. \u0414\u0430\u043d\u043d\u044b\u0435 \u0438 \u0444\u0430\u043a\u0442\u044b - \u0420\u0430\u0434\u0438\u043e \u0413\u043e\u043b\u043e\u0441 \u0411\u0435\u0440\u043b\u0438\u043d\u0430 97.2 FM","isPartOf":{"@id":"https:\/\/radio-rb.de\/#website"},"datePublished":"2021-04-16T12:04:09+00:00","breadcrumb":{"@id":"https:\/\/radio-rb.de\/reklama\/russkoyazychnaya-czelevaya-gruppa-dannye-i-fakty\/#breadcrumb"},"inLanguage":"de","potentialAction":[{"@type":"ReadAction","target":["https:\/\/radio-rb.de\/reklama\/russkoyazychnaya-czelevaya-gruppa-dannye-i-fakty\/"]}]},{"@type":"BreadcrumbList","@id":"https:\/\/radio-rb.de\/reklama\/russkoyazychnaya-czelevaya-gruppa-dannye-i-fakty\/#breadcrumb","itemListElement":[{"@type":"ListItem","position":1,"name":"\u0413\u043b\u0430\u0432\u043d\u0430\u044f \u0441\u0442\u0440\u0430\u043d\u0438\u0446\u0430","item":"https:\/\/radio-rb.de\/"},{"@type":"ListItem","position":2,"name":"\u0420\u0435\u043a\u043b\u0430\u043c\u0430","item":"https:\/\/radio-rb.de\/reklama\/"},{"@type":"ListItem","position":3,"name":"\u0420\u0443\u0441\u0441\u043a\u043e\u044f\u0437\u044b\u0447\u043d\u0430\u044f \u0446\u0435\u043b\u0435\u0432\u0430\u044f \u0433\u0440\u0443\u043f\u043f\u0430. \u0414\u0430\u043d\u043d\u044b\u0435 \u0438 \u0444\u0430\u043a\u0442\u044b"}]},{"@type":"WebSite","@id":"https:\/\/radio-rb.de\/#website","url":"https:\/\/radio-rb.de\/","name":"\u0420\u0430\u0434\u0438\u043e \u0413\u043e\u043b\u043e\u0441 \u0411\u0435\u0440\u043b\u0438\u043d\u0430 97.2 FM","description":"","potentialAction":[{"@type":"SearchAction","target":{"@type":"EntryPoint","urlTemplate":"https:\/\/radio-rb.de\/?s={search_term_string}"},"query-input":{"@type":"PropertyValueSpecification","valueRequired":true,"valueName":"search_term_string"}}],"inLanguage":"de"}]}},"_links":{"self":[{"href":"https:\/\/radio-rb.de\/de\/wp-json\/wp\/v2\/pages\/353","targetHints":{"allow":["GET"]}}],"collection":[{"href":"https:\/\/radio-rb.de\/de\/wp-json\/wp\/v2\/pages"}],"about":[{"href":"https:\/\/radio-rb.de\/de\/wp-json\/wp\/v2\/types\/page"}],"author":[{"embeddable":true,"href":"https:\/\/radio-rb.de\/de\/wp-json\/wp\/v2\/users\/1"}],"replies":[{"embeddable":true,"href":"https:\/\/radio-rb.de\/de\/wp-json\/wp\/v2\/comments?post=353"}],"version-history":[{"count":1,"href":"https:\/\/radio-rb.de\/de\/wp-json\/wp\/v2\/pages\/353\/revisions"}],"predecessor-version":[{"id":354,"href":"https:\/\/radio-rb.de\/de\/wp-json\/wp\/v2\/pages\/353\/revisions\/354"}],"up":[{"embeddable":true,"href":"https:\/\/radio-rb.de\/de\/wp-json\/wp\/v2\/pages\/97"}],"wp:attachment":[{"href":"https:\/\/radio-rb.de\/de\/wp-json\/wp\/v2\/media?parent=353"}],"curies":[{"name":"wp","href":"https:\/\/api.w.org\/{rel}","templated":true}]}}